{"id":1068,"date":"2025-05-12T06:15:44","date_gmt":"2025-05-12T03:15:44","guid":{"rendered":"https:\/\/maviluhotel.com\/?page_id=1068"},"modified":"2026-04-10T17:13:07","modified_gmt":"2026-04-10T14:13:07","slug":"view","status":"publish","type":"page","link":"https:\/\/maviluhotel.com\/en\/manzara\/","title":{"rendered":"View"},"content":{"rendered":"<section class=\"bde-section-1068-125 bde-section\">\n              \n  \n  \n\t          \n            <div class=\"section-background-video\">\n              <video\n          autoplay\n muted\n playsinline\n loop\n>\n        <source src=\"https:\/\/maviluhotel.com\/wp-content\/uploads\/2025\/06\/anasayfa-manzara.mp4\" type=\"video\/mp4\" \/>\n      <\/video>\n      <\/div>\n\n\n  <div class=\"section-background-overlay\"><\/div>\n\n\n<div class=\"section-container\"><div class=\"bde-div-1068-126 bde-div\">\n  \n  \n\t\n\n\n\n<h1 class=\"bde-heading-1068-127 bde-heading\">\nUnparalleled View\n<\/h1>\n<\/div><div class=\"bde-div-1068-128 bde-div\">\n  \n  \n\t\n\n\n\n<div class=\"bde-button-1068-129 bde-button\">\n    \n                        \n                        \n    \n    \n    \n    \n            \n                    \n            \n            \n\n    \n    \n    \n    \n    \n    <a class=\"breakdance-link button-atom button-atom--text bde-button__button\" href=\"\/en\/view\/\" target=\"_self\" data-type=\"url\"  >\n\n    \n        <span class=\"button-atom__text\">View<\/span>\n\n        \n        \n                <\/a>\n\n    \n\n\n<\/div><div class=\"bde-button-1068-130 bde-button\">\n    \n                        \n                        \n    \n    \n    \n    \n            \n                    \n            \n            \n\n    \n    \n    \n    \n    \n    <a class=\"breakdance-link button-atom button-atom--text bde-button__button\" href=\"\/en\/rooms-and-suites\/\" target=\"_self\" data-type=\"url\"  >\n\n    \n        <span class=\"button-atom__text\">Rooms &amp; Suites<\/span>\n\n        \n        \n                <\/a>\n\n    \n\n\n<\/div><div class=\"bde-button-1068-131 bde-button\">\n    \n                        \n                        \n    \n    \n    \n    \n            \n                    \n            \n            \n\n    \n    \n    \n    \n    \n    <a class=\"breakdance-link button-atom button-atom--text bde-button__button\" href=\"\/en\/art-and-culture\/\" target=\"_self\" data-type=\"url\"  >\n\n    \n        <span class=\"button-atom__text\">Art &amp; Culture<\/span>\n\n        \n        \n                <\/a>\n\n    \n\n\n<\/div><div class=\"bde-button-1068-132 bde-button\">\n    \n                        \n                        \n    \n    \n    \n    \n            \n                    \n            \n            \n\n    \n    \n    \n    \n    \n    <a class=\"breakdance-link button-atom button-atom--text bde-button__button\" href=\"\/en\/restaurant-and-bar\/\" target=\"_self\" data-type=\"url\"  >\n\n    \n        <span class=\"button-atom__text\">Restaurant &amp; Bar<\/span>\n\n        \n        \n                <\/a>\n\n    \n\n\n<\/div><div class=\"bde-button-1068-133 bde-button\">\n    \n                        \n                        \n    \n    \n    \n    \n            \n                    \n            \n            \n\n    \n    \n    \n    \n    \n    <a class=\"breakdance-link button-atom button-atom--text bde-button__button\" href=\"\/en\/workshop-ve-event\/\" target=\"_self\" data-type=\"url\"  >\n\n    \n        <span class=\"button-atom__text\">Workshop &amp; Event<\/span>\n\n        \n        \n                <\/a>\n\n    \n\n\n<\/div>\n<\/div><\/div>\n<\/section><section class=\"bde-section-1068-108 bde-section\">\n  \n  \n\t\n\n\n\n<div class=\"section-container\"><div class=\"bde-columns-1068-109 bde-columns\"><div class=\"bde-column-1068-110 bde-column\">\n  \n  \n\t\n\n\n\n<div class=\"bde-div-1068-116 bde-div\">\n  \n  \n\t\n\n\n\n<h2 class=\"bde-heading-1068-113 bde-heading\">\nSerenity Overlooking the Blue of Bodrum\n<\/h2><div class=\"bde-text-1068-112 bde-text\">\nA deep blue vista stretching as far as the eye can see...<br>Whether looking out from Mavilu\u2019s terrace or through your room's window, Bodrum Castle stands right before you.<br>A scene intertwined with history and embraced by eternal blueness...<br>This panorama, which stills every moment and offers serenity with every breath, is not just a view; it is a living space.<br>\n<\/div>\n<\/div><div class=\"bde-div-1068-117 bde-div\">\n  \n  \n\t\n\n\n\n<img decoding=\"async\" class=\"bde-image2-1068-115 bde-image2\" src=\"https:\/\/maviluhotel.com\/wp-content\/uploads\/2025\/07\/mavilu-anasayfa-gorseli555.jpg\" loading=\"lazy\" srcset=\"https:\/\/maviluhotel.com\/wp-content\/uploads\/2025\/07\/mavilu-anasayfa-gorseli555.jpg 2000w, https:\/\/maviluhotel.com\/wp-content\/uploads\/2025\/07\/mavilu-anasayfa-gorseli555-300x200.jpg 300w, https:\/\/maviluhotel.com\/wp-content\/uploads\/2025\/07\/mavilu-anasayfa-gorseli555-1024x682.jpg 1024w, https:\/\/maviluhotel.com\/wp-content\/uploads\/2025\/07\/mavilu-anasayfa-gorseli555-768x512.jpg 768w, https:\/\/maviluhotel.com\/wp-content\/uploads\/2025\/07\/mavilu-anasayfa-gorseli555-1536x1024.jpg 1536w\" sizes=\"(max-width: 2000px) 100vw, 2000px\" alt=\"\">\n<\/div>\n<\/div><div class=\"bde-column-1068-111 bde-column\">\n  \n  \n\t\n\n\n\n<img decoding=\"async\" class=\"bde-image2-1068-114 bde-image2\" src=\"https:\/\/maviluhotel.com\/wp-content\/uploads\/2025\/07\/mavilu-manzara-dikey55.jpg\" loading=\"lazy\" srcset=\"https:\/\/maviluhotel.com\/wp-content\/uploads\/2025\/07\/mavilu-manzara-dikey55.jpg 1333w, https:\/\/maviluhotel.com\/wp-content\/uploads\/2025\/07\/mavilu-manzara-dikey55-200x300.jpg 200w, https:\/\/maviluhotel.com\/wp-content\/uploads\/2025\/07\/mavilu-manzara-dikey55-682x1024.jpg 682w, https:\/\/maviluhotel.com\/wp-content\/uploads\/2025\/07\/mavilu-manzara-dikey55-768x1152.jpg 768w, https:\/\/maviluhotel.com\/wp-content\/uploads\/2025\/07\/mavilu-manzara-dikey55-1024x1536.jpg 1024w\" sizes=\"(max-width: 1333px) 100vw, 1333px\" alt=\"\">\n<\/div><\/div><\/div>\n<\/section><section class=\"bde-section-1068-106 bde-section\">\n  \n  \n\t\n\n\n\n<div class=\"section-container\"><h2 class=\"bde-heading-1068-104 bde-heading\">\nA Life Facing Bodrum Castle\n<\/h2><div class=\"bde-text-1068-105 bde-text\">\nWake up to the gentle melody of birdsong and bid farewell to the sunset with a toast facing the castle.<br>Accompanied by a light breeze, the fatigue of the day slowly drifts away.<br>At Mavilu, time flows slowly; because here, time harmonizes with nature, art, and aesthetics.\n<\/div><img decoding=\"async\" class=\"bde-image2-1068-107 bde-image2\" src=\"https:\/\/maviluhotel.com\/wp-content\/uploads\/2025\/07\/30_05mavilu_havuz_0634.jpg\" loading=\"lazy\" srcset=\"https:\/\/maviluhotel.com\/wp-content\/uploads\/2025\/07\/30_05mavilu_havuz_0634.jpg 2000w, https:\/\/maviluhotel.com\/wp-content\/uploads\/2025\/07\/30_05mavilu_havuz_0634-300x200.jpg 300w, https:\/\/maviluhotel.com\/wp-content\/uploads\/2025\/07\/30_05mavilu_havuz_0634-1024x682.jpg 1024w, https:\/\/maviluhotel.com\/wp-content\/uploads\/2025\/07\/30_05mavilu_havuz_0634-768x512.jpg 768w, https:\/\/maviluhotel.com\/wp-content\/uploads\/2025\/07\/30_05mavilu_havuz_0634-1536x1024.jpg 1536w\" sizes=\"(max-width: 2000px) 100vw, 2000px\" alt=\"\"><\/div>\n<\/section>","protected":false},"excerpt":{"rendered":"<p>E\u015fsiz Manzara Manzara Oda &#038; Suit Sanat &#038; K\u00fclt\u00fcr Restoran &#038; Bar Workshop &#038; Event Bodrum\u2019un Mavisine Bakan Huzur G\u00f6z alabildi\u011fine uzanan masmavi bir manzara&#8230;Mavilu\u2019nun teras\u0131ndan ya da odan\u0131z\u0131n penceresinden bakt\u0131\u011f\u0131n\u0131zda, Bodrum Kalesi kar\u015f\u0131n\u0131zda.Tarihle i\u00e7 i\u00e7e, sonsuz mavilikle \u00e7evrili bir g\u00f6r\u00fcnt\u00fc\u2026Her an\u0131 durduran, her nefeste huzur sunan bu panorama, sadece bir manzara de\u011fil; bir ya\u015fam [&hellip;]<\/p>\n","protected":false},"author":1,"featured_media":0,"parent":0,"menu_order":0,"comment_status":"closed","ping_status":"closed","template":"","meta":{"_acf_changed":false,"_breakdance_hide_in_design_set":false,"_breakdance_tags":"","footnotes":""},"class_list":["post-1068","page","type-page","status-publish","hentry"],"acf":[],"_links":{"self":[{"href":"https:\/\/maviluhotel.com\/en\/wp-json\/wp\/v2\/pages\/1068","targetHints":{"allow":["GET"]}}],"collection":[{"href":"https:\/\/maviluhotel.com\/en\/wp-json\/wp\/v2\/pages"}],"about":[{"href":"https:\/\/maviluhotel.com\/en\/wp-json\/wp\/v2\/types\/page"}],"author":[{"embeddable":true,"href":"https:\/\/maviluhotel.com\/en\/wp-json\/wp\/v2\/users\/1"}],"replies":[{"embeddable":true,"href":"https:\/\/maviluhotel.com\/en\/wp-json\/wp\/v2\/comments?post=1068"}],"version-history":[{"count":116,"href":"https:\/\/maviluhotel.com\/en\/wp-json\/wp\/v2\/pages\/1068\/revisions"}],"predecessor-version":[{"id":3472,"href":"https:\/\/maviluhotel.com\/en\/wp-json\/wp\/v2\/pages\/1068\/revisions\/3472"}],"wp:attachment":[{"href":"https:\/\/maviluhotel.com\/en\/wp-json\/wp\/v2\/media?parent=1068"}],"curies":[{"name":"wp","href":"https:\/\/api.w.org\/{rel}","templated":true}]}}