{"id":1160,"date":"2025-05-12T07:26:49","date_gmt":"2025-05-12T04:26:49","guid":{"rendered":"https:\/\/maviluhotel.com\/?page_id=1160"},"modified":"2026-02-24T17:42:12","modified_gmt":"2026-02-24T14:42:12","slug":"contact","status":"publish","type":"page","link":"https:\/\/maviluhotel.com\/en\/iletisim\/","title":{"rendered":"Contact"},"content":{"rendered":"<section class=\"bde-section-1160-100 bde-section\">\n  \n  \n\t\n\n\n\n<div class=\"section-container\"><div class=\"bde-columns-1160-135 bde-columns\"><div class=\"bde-column-1160-136 bde-column\">\n  \n  \n\t\n\n\n\n<h1 class=\"bde-heading-1160-101 bde-heading\">\n\u0130leti\u015fim\n<\/h1><div class=\"bde-text-1160-102 bde-text\">\nSanat dolu ve rafine bir konaklama deneyimi i\u00e7in bizimle ileti\u015fime ge\u00e7in.<br>\u0130lham veren anlar sadece bir mesaj uza\u011f\u0131n\u0131zda.<br>\n<\/div>\n<\/div><\/div><\/div>\n<\/section><section class=\"bde-section-1160-110 bde-section\">\n  \n  \n\t\n\n\n\n<div class=\"section-container\"><div class=\"bde-div-1160-112 bde-div\">\n  \n  \n\t\n\n\n\n<div class=\"bde-div-1160-113 bde-div\">\n  \n  \n\t\n\n\n\n<a class=\"bde-container-link-1160-129 bde-container-link breakdance-link\" href=\"tel:+905318520648\" target=\"_self\" data-type=\"url\">\n  \n  \n\t\n\n\n\n<h2 class=\"bde-heading-1160-114 bde-heading\">\nBizi aray\u0131n\n<\/h2><div class=\"bde-text-1160-115 bde-text\">\n+90 531 852 06 48\n<\/div>\n\n<\/a>\n<\/div><div class=\"bde-div-1160-116 bde-div\">\n  \n  \n\t\n\n\n\n<a class=\"bde-container-link-1160-133 bde-container-link breakdance-link\" href=\"mailto:info@maviluhotel.com\" target=\"_self\" data-type=\"url\">\n  \n  \n\t\n\n\n\n<h2 class=\"bde-heading-1160-117 bde-heading\">\nE- posta\n<\/h2><div class=\"bde-text-1160-118 bde-text\">\ninfo@maviluhotel.com\n<\/div>\n\n<\/a>\n<\/div><div class=\"bde-div-1160-119 bde-div\">\n  \n  \n\t\n\n\n\n<a class=\"bde-container-link-1160-134 bde-container-link breakdance-link\" href=\"https:\/\/maps.app.goo.gl\/mvpoW5cwHtbaKnrh9\" target=\"_self\" data-type=\"url\" rel=\"noopener\">\n  \n  \n\t\n\n\n\n<h2 class=\"bde-heading-1160-120 bde-heading\">\nAdres\n<\/h2><div class=\"bde-text-1160-121 bde-text\">\nYoku\u015fba\u015f\u0131 Mahallesi, Sulu Hasan Caddesi No:33, Bodrum, Mu\u011fla\n<\/div>\n\n<\/a>\n<\/div>\n<\/div><h2 class=\"bde-heading-1160-122 bde-heading\">\nBize Mesaj G\u00f6nderin\n<\/h2><div class=\"bde-form-builder-1160-123 bde-form-builder\">\n\n<form id=\"contact-form123\" class=\"breakdance-form breakdance-form--vertical\" data-options=\"{&quot;slug&quot;:&quot;custom&quot;,&quot;name&quot;:&quot;Contact Form&quot;,&quot;ajaxUrl&quot;:&quot;https:\\\/\\\/maviluhotel.com\\\/wp-admin\\\/admin-ajax.php&quot;,&quot;clearOnSuccess&quot;:true,&quot;hideOnSuccess&quot;:false,&quot;successMessage&quot;:&quot;Mesaj\\u0131n\\u0131z \\u0130letildi.&quot;,&quot;errorMessage&quot;:&quot;L\\u00fctfen Bilgileri Doldurun&quot;,&quot;redirect&quot;:false,&quot;redirectUrl&quot;:&quot;&quot;,&quot;customJavaScript&quot;:&quot;&quot;,&quot;recaptcha&quot;:{&quot;key&quot;:&quot;&quot;,&quot;enabled&quot;:false},&quot;honeypot_enabled&quot;:false,&quot;popupsOnSuccess&quot;:[],&quot;popupsOnError&quot;:[]}\" data-steps=\"0\" >\n  \n  \n  \n<div class=\"breakdance-form-field breakdance-form-field--text\" >\n    \n    \n            <label class=\"breakdance-form-field__label\" for=\"name\">\n            Ad<span class=\"breakdance-form-field__required\">*<\/span>\n        <\/label>\n    \n    <input\n    class=\"breakdance-form-field__input\"\n    id=\"name\"\n    aria-describedby=\"name\"\n    type=\"text\"\n    name=\"fields[name]\"\n    placeholder=\"Ad\"\n    value=\"\"\n                \n        \n        \n    required\n    \n    \n    \n>\n\n\n    \n    \n<\/div>\n\n\n<div class=\"breakdance-form-field breakdance-form-field--text\" >\n    \n    \n            <label class=\"breakdance-form-field__label\" for=\"hqfmto\">\n            Soyad<span class=\"breakdance-form-field__required\">*<\/span>\n        <\/label>\n    \n    <input\n    class=\"breakdance-form-field__input\"\n    id=\"hqfmto\"\n    aria-describedby=\"hqfmto\"\n    type=\"text\"\n    name=\"fields[hqfmto]\"\n    placeholder=\"Soyad\"\n    value=\"\"\n                \n        \n        \n    required\n    \n    \n    \n>\n\n\n    \n    \n<\/div>\n\n\n<div class=\"breakdance-form-field breakdance-form-field--email\" >\n    \n    \n            <label class=\"breakdance-form-field__label\" for=\"email\">\n            Email<span class=\"breakdance-form-field__required\">*<\/span>\n        <\/label>\n    \n    <input\n    class=\"breakdance-form-field__input\"\n    id=\"email\"\n    aria-describedby=\"email\"\n    type=\"email\"\n    name=\"fields[email]\"\n    placeholder=\"Email \"\n    value=\"\"\n                \n        \n        \n    required\n    \n    \n    \n>\n\n\n    \n    \n<\/div>\n\n\n<div class=\"breakdance-form-field breakdance-form-field--tel\" >\n    \n    \n            <label class=\"breakdance-form-field__label\" for=\"bapknk\">\n            Telefon\n        <\/label>\n    \n    <input\n    class=\"breakdance-form-field__input\"\n    id=\"bapknk\"\n    aria-describedby=\"bapknk\"\n    type=\"tel\"\n    name=\"fields[bapknk]\"\n    placeholder=\"Telefon\"\n    value=\"\"\n                \n        \n        \n    \n    \n    \n    \n>\n\n\n    \n    \n<\/div>\n\n\n<div class=\"breakdance-form-field breakdance-form-field--textarea\" >\n    \n    \n            <label class=\"breakdance-form-field__label\" for=\"message\">\n            Bize iletin<span class=\"breakdance-form-field__required\">*<\/span>\n        <\/label>\n    \n    <textarea\n    class=\"breakdance-form-field__input\"\n    id=\"message\"\n    aria-describedby=\"message\"\n    type=\"textarea\"\n    name=\"fields[message]\"\n        placeholder=\"Bize iletin\"\n    required\n    >\n<\/textarea>\n\n\n    \n    \n<\/div>\n\n\n  \n\n<div class=\"breakdance-form-field breakdance-form-footer\">\n    \n    \n                                    \n    \n    \n    \n    \n            \n            <button type=\"submit\" class=\"button-atom button-atom--primary breakdance-form-button breakdance-form-button__submit\"  >\n    \n        <span class=\"button-atom__text\">Mesaj\u0131 G\u00f6nder<\/span>\n\n        \n        \n            <\/button>\n    \n    <input type=\"hidden\" name=\"form_id\" value=\"123\">\n    <input type=\"hidden\" name=\"post_id\" value=\"1160\">\n<\/div>\n\n  \n<\/form>\n\n\n<\/div><div class=\"bde-google-map-1160-124 bde-google-map\">\r\n<iframe width=\"100%\" height=\"100%\" style=\"border:0\" loading=\"lazy\" title=\"Map\" src=\"https:\/\/maps.google.com\/maps?q=Yoku%C5%9Fba%C5%9F%C4%B1+Mahallesi%2C+Sulu+Hasan+Caddesi+No%3A33%2C+Bodrum%2C+Mu%C4%9Fla&t=m&z=12&output=embed&iwloc=near\" allowfullscreen><\/iframe>\n<\/div><\/div>\n<\/section>","protected":false},"excerpt":{"rendered":"<p>\u0130leti\u015fim Sanat dolu ve rafine bir konaklama deneyimi i\u00e7in bizimle ileti\u015fime ge\u00e7in.\u0130lham veren anlar sadece bir mesaj uza\u011f\u0131n\u0131zda. Bizi aray\u0131n +90 531 852 06 48 E- posta info@maviluhotel.com Adres Yoku\u015fba\u015f\u0131 Mahallesi, Sulu Hasan Caddesi No:33, Bodrum, Mu\u011fla Bize Mesaj G\u00f6nderin Ad* Soyad* Email* Telefon Bize iletin* Mesaj\u0131 G\u00f6nder<\/p>","protected":false},"author":1,"featured_media":0,"parent":0,"menu_order":0,"comment_status":"closed","ping_status":"closed","template":"","meta":{"_acf_changed":false,"_breakdance_hide_in_design_set":false,"_breakdance_tags":"","footnotes":""},"class_list":["post-1160","page","type-page","status-publish","hentry"],"acf":[],"_links":{"self":[{"href":"https:\/\/maviluhotel.com\/en\/wp-json\/wp\/v2\/pages\/1160","targetHints":{"allow":["GET"]}}],"collection":[{"href":"https:\/\/maviluhotel.com\/en\/wp-json\/wp\/v2\/pages"}],"about":[{"href":"https:\/\/maviluhotel.com\/en\/wp-json\/wp\/v2\/types\/page"}],"author":[{"embeddable":true,"href":"https:\/\/maviluhotel.com\/en\/wp-json\/wp\/v2\/users\/1"}],"replies":[{"embeddable":true,"href":"https:\/\/maviluhotel.com\/en\/wp-json\/wp\/v2\/comments?post=1160"}],"version-history":[{"count":63,"href":"https:\/\/maviluhotel.com\/en\/wp-json\/wp\/v2\/pages\/1160\/revisions"}],"predecessor-version":[{"id":3218,"href":"https:\/\/maviluhotel.com\/en\/wp-json\/wp\/v2\/pages\/1160\/revisions\/3218"}],"wp:attachment":[{"href":"https:\/\/maviluhotel.com\/en\/wp-json\/wp\/v2\/media?parent=1160"}],"curies":[{"name":"wp","href":"https:\/\/api.w.org\/{rel}","templated":true}]}}