{"id":1176,"date":"2025-05-12T07:39:37","date_gmt":"2025-05-12T04:39:37","guid":{"rendered":"https:\/\/maviluhotel.com\/?page_id=1176"},"modified":"2026-04-10T17:14:28","modified_gmt":"2026-04-10T14:14:28","slug":"restaurant-and-bar","status":"publish","type":"page","link":"https:\/\/maviluhotel.com\/en\/restoran-ve-bar\/","title":{"rendered":"Restoran &amp; Bar"},"content":{"rendered":"<section class=\"bde-section-1176-121 bde-section\">\n              \n  \n  \n\t          \n            <div class=\"section-background-video\">\n              <video\n          autoplay\n muted\n playsinline\n loop\n>\n        <source src=\"https:\/\/maviluhotel.com\/wp-content\/uploads\/2025\/06\/restoran.mp4\" type=\"video\/mp4\" \/>\n      <\/video>\n      <\/div>\n\n\n\n\n<div class=\"section-container\"><div class=\"bde-div-1176-122 bde-div\">\n  \n  \n\t\n\n\n\n<h1 class=\"bde-heading-1176-123 bde-heading\">\nRefined Flavors of Gastronomy\n<\/h1>\n<\/div><div class=\"bde-div-1176-124 bde-div\">\n  \n  \n\t\n\n\n\n<div class=\"bde-button-1176-125 bde-button\">\n    \n                        \n                        \n    \n    \n    \n    \n            \n                    \n            \n            \n\n    \n    \n    \n    \n    \n    <a class=\"breakdance-link button-atom button-atom--text bde-button__button\" href=\"\/en\/view\/\" target=\"_self\" data-type=\"url\"  >\n\n    \n        <span class=\"button-atom__text\">View<\/span>\n\n        \n        \n                <\/a>\n\n    \n\n\n<\/div><div class=\"bde-button-1176-126 bde-button\">\n    \n                        \n                        \n    \n    \n    \n    \n            \n                    \n            \n            \n\n    \n    \n    \n    \n    \n    <a class=\"breakdance-link button-atom button-atom--text bde-button__button\" href=\"\/en\/rooms-and-suites\/\" target=\"_self\" data-type=\"url\"  >\n\n    \n        <span class=\"button-atom__text\">Rooms &amp; Suites<\/span>\n\n        \n        \n                <\/a>\n\n    \n\n\n<\/div><div class=\"bde-button-1176-127 bde-button\">\n    \n                        \n                        \n    \n    \n    \n    \n            \n                    \n            \n            \n\n    \n    \n    \n    \n    \n    <a class=\"breakdance-link button-atom button-atom--text bde-button__button\" href=\"\/en\/art-and-culture\/\" target=\"_self\" data-type=\"url\"  >\n\n    \n        <span class=\"button-atom__text\">Art &amp; Culture<\/span>\n\n        \n        \n                <\/a>\n\n    \n\n\n<\/div><div class=\"bde-button-1176-128 bde-button\">\n    \n                        \n                        \n    \n    \n    \n    \n            \n                    \n            \n            \n\n    \n    \n    \n    \n    \n    <a class=\"breakdance-link button-atom button-atom--text bde-button__button\" href=\"\/en\/restaurant-and-bar\/\" target=\"_self\" data-type=\"url\"  >\n\n    \n        <span class=\"button-atom__text\">Restaurant &amp; Bar<\/span>\n\n        \n        \n                <\/a>\n\n    \n\n\n<\/div><div class=\"bde-button-1176-129 bde-button\">\n    \n                        \n                        \n    \n    \n    \n    \n            \n                    \n            \n            \n\n    \n    \n    \n    \n    \n    <a class=\"breakdance-link button-atom button-atom--text bde-button__button\" href=\"\/en\/workshop-ve-event\/\" target=\"_self\" data-type=\"url\"  >\n\n    \n        <span class=\"button-atom__text\">Workshop &amp; Event<\/span>\n\n        \n        \n                <\/a>\n\n    \n\n\n<\/div>\n<\/div><\/div>\n<\/section><section class=\"bde-section-1176-107 bde-section\">\n  \n  \n\t\n\n\n\n<div class=\"section-container\"><div class=\"bde-columns-1176-108 bde-columns\"><div class=\"bde-column-1176-109 bde-column\">\n  \n  \n\t\n\n\n\n<div class=\"bde-div-1176-110 bde-div\">\n  \n  \n\t\n\n\n\n<h2 class=\"bde-heading-1176-111 bde-heading\">\nEfil Restaurant\n<\/h2><div class=\"bde-text-1176-112 bde-text\">\nLocated on our panoramic terrace, Efil Restaurant pairs views of Bodrum Castle with Mediterranean-inspired cuisine interpreted through a contemporary lens. Seasonal menus and elegant presentation create an unforgettable dining atmosphere.\n<\/div><div class=\"bde-button-1176-120 bde-button\">\n    \n                        \n                        \n    \n    \n    \n    \n            \n            <button type=\"button\" class=\"button-atom button-atom--custom bde-button__button\"  >\n    \n        <span class=\"button-atom__text\">Efil'i Ke\u015ffet<\/span>\n\n        \n        \n            <\/button>\n    \n\n\n<\/div>\n<\/div><div class=\"bde-div-1176-113 bde-div\">\n  \n  \n\t\n\n\n\n<img decoding=\"async\" class=\"bde-image2-1176-114 bde-image2\" src=\"https:\/\/maviluhotel.com\/wp-content\/uploads\/2025\/06\/1.-yatay-gorsel-scaled.jpg\" loading=\"lazy\" srcset=\"https:\/\/maviluhotel.com\/wp-content\/uploads\/2025\/06\/1.-yatay-gorsel-scaled.jpg 2560w, https:\/\/maviluhotel.com\/wp-content\/uploads\/2025\/06\/1.-yatay-gorsel-300x200.jpg 300w, https:\/\/maviluhotel.com\/wp-content\/uploads\/2025\/06\/1.-yatay-gorsel-1024x683.jpg 1024w, https:\/\/maviluhotel.com\/wp-content\/uploads\/2025\/06\/1.-yatay-gorsel-768x512.jpg 768w, https:\/\/maviluhotel.com\/wp-content\/uploads\/2025\/06\/1.-yatay-gorsel-1536x1024.jpg 1536w, https:\/\/maviluhotel.com\/wp-content\/uploads\/2025\/06\/1.-yatay-gorsel-2048x1365.jpg 2048w\" sizes=\"(max-width: 2560px) 100vw, 2560px\" alt=\"\">\n<\/div>\n<\/div><div class=\"bde-column-1176-115 bde-column\">\n  \n  \n\t\n\n\n\n<img decoding=\"async\" class=\"bde-image2-1176-116 bde-image2\" src=\"https:\/\/maviluhotel.com\/wp-content\/uploads\/2025\/06\/4b38d1e13de17e88df61a4297d39bf8c.jpg\" loading=\"lazy\" srcset=\"https:\/\/maviluhotel.com\/wp-content\/uploads\/2025\/06\/4b38d1e13de17e88df61a4297d39bf8c.jpg 736w, https:\/\/maviluhotel.com\/wp-content\/uploads\/2025\/06\/4b38d1e13de17e88df61a4297d39bf8c-168x300.jpg 168w, https:\/\/maviluhotel.com\/wp-content\/uploads\/2025\/06\/4b38d1e13de17e88df61a4297d39bf8c-574x1024.jpg 574w\" sizes=\"(max-width: 736px) 100vw, 736px\" alt=\"\">\n<\/div><\/div><\/div>\n<\/section><section class=\"bde-section-1176-105 bde-section\">\n  \n  \n\t\n\n\n\n<div class=\"section-container\"><h2 class=\"bde-heading-1176-103 bde-heading\">\nMavilu Bar\n<\/h2><div class=\"bde-text-1176-104 bde-text\">\nSignature cocktails, fine wines, and premium spirits are served throughout the day. Whether at sunset or under the evening sky, each moment becomes a refined memory.<br>\n<\/div><img decoding=\"async\" class=\"bde-image2-1176-106 bde-image2\" src=\"https:\/\/maviluhotel.com\/wp-content\/uploads\/2025\/07\/30_05mavilu_lobi_1406.jpg\" loading=\"lazy\" srcset=\"https:\/\/maviluhotel.com\/wp-content\/uploads\/2025\/07\/30_05mavilu_lobi_1406.jpg 1333w, https:\/\/maviluhotel.com\/wp-content\/uploads\/2025\/07\/30_05mavilu_lobi_1406-200x300.jpg 200w, https:\/\/maviluhotel.com\/wp-content\/uploads\/2025\/07\/30_05mavilu_lobi_1406-682x1024.jpg 682w, https:\/\/maviluhotel.com\/wp-content\/uploads\/2025\/07\/30_05mavilu_lobi_1406-768x1152.jpg 768w, https:\/\/maviluhotel.com\/wp-content\/uploads\/2025\/07\/30_05mavilu_lobi_1406-1024x1536.jpg 1024w\" sizes=\"(max-width: 1333px) 100vw, 1333px\" alt=\"\"><\/div>\n<\/section>","protected":false},"excerpt":{"rendered":"<p>Gastronominin Rafine Tadlar\u0131 Manzara Oda &#038; Suit Sanat &#038; K\u00fclt\u00fcr Restoran &#038; Bar Workshop &#038; Event Efil Restoran Teras\u0131m\u0131zda konumlanan Efil Restoran, Bodrum Kalesi manzaras\u0131n\u0131 Akdeniz esintili sofistike lezzetlerle bulu\u015fturur. \u015eef imzal\u0131 men\u00fc; sadelik, derinlik ve zarif sunum ekseninde kurgulanm\u0131\u015ft\u0131r. Efil&#8217;i Ke\u015ffet Mavilu Bar \u0130mza kokteyller, se\u00e7kin \u015faraplar ve \u00f6zel i\u00e7ki alternatifleriyle g\u00fcn\u00fcn her saati [&hellip;]<\/p>\n","protected":false},"author":1,"featured_media":0,"parent":0,"menu_order":0,"comment_status":"closed","ping_status":"closed","template":"","meta":{"_acf_changed":false,"_breakdance_hide_in_design_set":false,"_breakdance_tags":"","footnotes":""},"class_list":["post-1176","page","type-page","status-publish","hentry"],"acf":[],"_links":{"self":[{"href":"https:\/\/maviluhotel.com\/en\/wp-json\/wp\/v2\/pages\/1176","targetHints":{"allow":["GET"]}}],"collection":[{"href":"https:\/\/maviluhotel.com\/en\/wp-json\/wp\/v2\/pages"}],"about":[{"href":"https:\/\/maviluhotel.com\/en\/wp-json\/wp\/v2\/types\/page"}],"author":[{"embeddable":true,"href":"https:\/\/maviluhotel.com\/en\/wp-json\/wp\/v2\/users\/1"}],"replies":[{"embeddable":true,"href":"https:\/\/maviluhotel.com\/en\/wp-json\/wp\/v2\/comments?post=1176"}],"version-history":[{"count":52,"href":"https:\/\/maviluhotel.com\/en\/wp-json\/wp\/v2\/pages\/1176\/revisions"}],"predecessor-version":[{"id":3475,"href":"https:\/\/maviluhotel.com\/en\/wp-json\/wp\/v2\/pages\/1176\/revisions\/3475"}],"wp:attachment":[{"href":"https:\/\/maviluhotel.com\/en\/wp-json\/wp\/v2\/media?parent=1176"}],"curies":[{"name":"wp","href":"https:\/\/api.w.org\/{rel}","templated":true}]}}