{"id":1233,"date":"2025-05-12T08:50:11","date_gmt":"2025-05-12T05:50:11","guid":{"rendered":"https:\/\/maviluhotel.com\/?page_id=1233"},"modified":"2026-04-10T17:14:49","modified_gmt":"2026-04-10T14:14:49","slug":"workshop-ve-event","status":"publish","type":"page","link":"https:\/\/maviluhotel.com\/en\/workshop-ve-event\/","title":{"rendered":"Workshop &amp; Event"},"content":{"rendered":"<section class=\"bde-section-1233-206 bde-section\">\n              \n  \n  \n\t          \n            <div class=\"section-background-video\">\n              <video\n          autoplay\n muted\n playsinline\n loop\n>\n        <source src=\"https:\/\/maviluhotel.com\/wp-content\/uploads\/2025\/06\/workshop-video-v2.mp4\" type=\"video\/mp4\" \/>\n      <\/video>\n      <\/div>\n\n\n\n\n<div class=\"section-container\"><div class=\"bde-div-1233-207 bde-div\">\n  \n  \n\t\n\n\n\n<h1 class=\"bde-heading-1233-208 bde-heading\">\nSlow Time, Deepening Experience\n<\/h1>\n<\/div><div class=\"bde-div-1233-318 bde-div\">\n  \n  \n\t\n\n\n\n<div class=\"bde-button-1233-319 bde-button\">\n    \n                        \n                        \n    \n    \n    \n    \n            \n                    \n            \n            \n\n    \n    \n    \n    \n    \n    <a class=\"breakdance-link button-atom button-atom--text bde-button__button\" href=\"\/en\/view\/\" target=\"_self\" data-type=\"url\"  >\n\n    \n        <span class=\"button-atom__text\">View<\/span>\n\n        \n        \n                <\/a>\n\n    \n\n\n<\/div><div class=\"bde-button-1233-320 bde-button\">\n    \n                        \n                        \n    \n    \n    \n    \n            \n                    \n            \n            \n\n    \n    \n    \n    \n    \n    <a class=\"breakdance-link button-atom button-atom--text bde-button__button\" href=\"\/en\/rooms-and-suites\/\" target=\"_self\" data-type=\"url\"  >\n\n    \n        <span class=\"button-atom__text\">Rooms &amp; Suites<\/span>\n\n        \n        \n                <\/a>\n\n    \n\n\n<\/div><div class=\"bde-button-1233-321 bde-button\">\n    \n                        \n                        \n    \n    \n    \n    \n            \n                    \n            \n            \n\n    \n    \n    \n    \n    \n    <a class=\"breakdance-link button-atom button-atom--text bde-button__button\" href=\"\/en\/art-and-culture\/\" target=\"_self\" data-type=\"url\"  >\n\n    \n        <span class=\"button-atom__text\">Art &amp; Culture<\/span>\n\n        \n        \n                <\/a>\n\n    \n\n\n<\/div><div class=\"bde-button-1233-322 bde-button\">\n    \n                        \n                        \n    \n    \n    \n    \n            \n                    \n            \n            \n\n    \n    \n    \n    \n    \n    <a class=\"breakdance-link button-atom button-atom--text bde-button__button\" href=\"\/en\/restaurant-and-bar\/\" target=\"_self\" data-type=\"url\"  >\n\n    \n        <span class=\"button-atom__text\">Restaurant &amp; Bar<\/span>\n\n        \n        \n                <\/a>\n\n    \n\n\n<\/div><div class=\"bde-button-1233-323 bde-button\">\n    \n                        \n                        \n    \n    \n    \n    \n            \n                    \n            \n            \n\n    \n    \n    \n    \n    \n    <a class=\"breakdance-link button-atom button-atom--text bde-button__button\" href=\"\/en\/workshop-ve-event\/\" target=\"_self\" data-type=\"url\"  >\n\n    \n        <span class=\"button-atom__text\">Workshop &amp; Event<\/span>\n\n        \n        \n                <\/a>\n\n    \n\n\n<\/div>\n<\/div><\/div>\n<\/section><section class=\"bde-section-1233-109 bde-section\">\n  \n  \n\t\n\n\n\n<div class=\"section-container\"><div class=\"bde-columns-1233-110 bde-columns\"><div class=\"bde-column-1233-111 bde-column\">\n  \n  \n\t\n\n\n\n<div class=\"bde-div-1233-112 bde-div\">\n  \n  \n\t\n\n\n\n<h2 class=\"bde-heading-1233-113 bde-heading\">\nInspiring Encounters\n<\/h2><div class=\"bde-text-1233-114 bde-text\">\nSeasonal workshops, curated talks, and exclusive events bring together art, culture, and thoughtful dialogue.\n<\/div>\n<\/div><div class=\"bde-div-1233-115 bde-div\">\n  \n  \n\t\n\n\n\n<img decoding=\"async\" class=\"bde-image2-1233-116 bde-image2\" src=\"https:\/\/maviluhotel.com\/wp-content\/uploads\/2025\/06\/70baf40c16fdbf0472f2246cac5302c9-1.jpg\" loading=\"lazy\" srcset=\"https:\/\/maviluhotel.com\/wp-content\/uploads\/2025\/06\/70baf40c16fdbf0472f2246cac5302c9-1.jpg 728w, https:\/\/maviluhotel.com\/wp-content\/uploads\/2025\/06\/70baf40c16fdbf0472f2246cac5302c9-1-300x270.jpg 300w\" sizes=\"(max-width: 728px) 100vw, 728px\" alt=\"\">\n<\/div>\n<\/div><div class=\"bde-column-1233-117 bde-column\">\n  \n  \n\t\n\n\n\n<img decoding=\"async\" class=\"bde-image2-1233-118 bde-image2\" src=\"https:\/\/maviluhotel.com\/wp-content\/uploads\/2025\/06\/pexels-mart-production-8450521-2.jpg\" loading=\"lazy\" srcset=\"https:\/\/maviluhotel.com\/wp-content\/uploads\/2025\/06\/pexels-mart-production-8450521-2.jpg 1000w, https:\/\/maviluhotel.com\/wp-content\/uploads\/2025\/06\/pexels-mart-production-8450521-2-200x300.jpg 200w, https:\/\/maviluhotel.com\/wp-content\/uploads\/2025\/06\/pexels-mart-production-8450521-2-683x1024.jpg 683w, https:\/\/maviluhotel.com\/wp-content\/uploads\/2025\/06\/pexels-mart-production-8450521-2-768x1152.jpg 768w\" sizes=\"(max-width: 1000px) 100vw, 1000px\" alt=\"\">\n<\/div><\/div><\/div>\n<\/section><section class=\"bde-section-1233-105 bde-section\">\n  \n  \n\t\n\n\n\n<div class=\"section-container\"><h2 class=\"bde-heading-1233-103 bde-heading\">\nRestorative Moments\n<\/h2><div class=\"bde-text-1233-104 bde-text\">\nWellness experiences including meditation sessions, breathwork, sunrise yoga, and sound therapy are designed to restore balance and align with the natural rhythm of Bodrum.<br>\n<\/div><img decoding=\"async\" class=\"bde-image2-1233-106 bde-image2\" src=\"https:\/\/maviluhotel.com\/wp-content\/uploads\/2025\/05\/AdobeStock_2342851122-scaled.jpeg\" loading=\"lazy\" srcset=\"https:\/\/maviluhotel.com\/wp-content\/uploads\/2025\/05\/AdobeStock_2342851122-scaled.jpeg 2560w, https:\/\/maviluhotel.com\/wp-content\/uploads\/2025\/05\/AdobeStock_2342851122-300x200.jpeg 300w, https:\/\/maviluhotel.com\/wp-content\/uploads\/2025\/05\/AdobeStock_2342851122-1024x683.jpeg 1024w, https:\/\/maviluhotel.com\/wp-content\/uploads\/2025\/05\/AdobeStock_2342851122-768x512.jpeg 768w, https:\/\/maviluhotel.com\/wp-content\/uploads\/2025\/05\/AdobeStock_2342851122-1536x1024.jpeg 1536w, https:\/\/maviluhotel.com\/wp-content\/uploads\/2025\/05\/AdobeStock_2342851122-2048x1365.jpeg 2048w\" sizes=\"(max-width: 2560px) 100vw, 2560px\" alt=\"\"><\/div>\n<\/section>","protected":false},"excerpt":{"rendered":"<p>Yava\u015flayan Zaman, Derinle\u015fen Deneyim Manzara Oda &#038; Suit Sanat &#038; K\u00fclt\u00fcr Restoran &#038; Bar Workshop &#038; Event \u0130lham Veren Bulu\u015fmalar D\u00f6nemsel at\u00f6lyeler, s\u00f6yle\u015filer ve \u00f6zel davetlerle misafirlerimize k\u00fclt\u00fcrel a\u00e7\u0131dan zenginle\u015ftirici deneyimler sunuyoruz. Huzur Veren Etkinlikler Meditasyon, nefes \u00e7al\u0131\u015fmalar\u0131, g\u00fcn do\u011fumu yogas\u0131 ve ses terapisi gibi wellness etkinlikleriyle zihinsel ve bedensel dengeyi destekliyoruz.<\/p>","protected":false},"author":1,"featured_media":0,"parent":0,"menu_order":0,"comment_status":"closed","ping_status":"closed","template":"","meta":{"_acf_changed":false,"_breakdance_hide_in_design_set":false,"_breakdance_tags":"","footnotes":""},"class_list":["post-1233","page","type-page","status-publish","hentry"],"acf":[],"_links":{"self":[{"href":"https:\/\/maviluhotel.com\/en\/wp-json\/wp\/v2\/pages\/1233","targetHints":{"allow":["GET"]}}],"collection":[{"href":"https:\/\/maviluhotel.com\/en\/wp-json\/wp\/v2\/pages"}],"about":[{"href":"https:\/\/maviluhotel.com\/en\/wp-json\/wp\/v2\/types\/page"}],"author":[{"embeddable":true,"href":"https:\/\/maviluhotel.com\/en\/wp-json\/wp\/v2\/users\/1"}],"replies":[{"embeddable":true,"href":"https:\/\/maviluhotel.com\/en\/wp-json\/wp\/v2\/comments?post=1233"}],"version-history":[{"count":101,"href":"https:\/\/maviluhotel.com\/en\/wp-json\/wp\/v2\/pages\/1233\/revisions"}],"predecessor-version":[{"id":3476,"href":"https:\/\/maviluhotel.com\/en\/wp-json\/wp\/v2\/pages\/1233\/revisions\/3476"}],"wp:attachment":[{"href":"https:\/\/maviluhotel.com\/en\/wp-json\/wp\/v2\/media?parent=1233"}],"curies":[{"name":"wp","href":"https:\/\/api.w.org\/{rel}","templated":true}]}}