{"id":992,"date":"2025-05-12T04:20:19","date_gmt":"2025-05-12T01:20:19","guid":{"rendered":"https:\/\/maviluhotel.com\/?page_id=992"},"modified":"2026-04-10T17:14:01","modified_gmt":"2026-04-10T14:14:01","slug":"art-and-culture","status":"publish","type":"page","link":"https:\/\/maviluhotel.com\/en\/sanat-ve-kultur\/","title":{"rendered":"Sanat &amp; Kultur"},"content":{"rendered":"<section class=\"bde-section-992-170 bde-section\">\n              \n  \n  \n\t          \n            <div class=\"section-background-video\">\n              <video\n          autoplay\n muted\n playsinline\n loop\n>\n        <source src=\"https:\/\/maviluhotel.com\/wp-content\/uploads\/2025\/06\/sanat-v2.mp4\" type=\"video\/mp4\" \/>\n      <\/video>\n      <\/div>\n\n\n\n\n<div class=\"section-container\"><div class=\"bde-div-992-173 bde-div\">\n  \n  \n\t\n\n\n\n<h1 class=\"bde-heading-992-104 bde-heading\">\nWhere Life and Art Intersect\n<\/h1>\n<\/div><div class=\"bde-div-992-192 bde-div\">\n  \n  \n\t\n\n\n\n<div class=\"bde-button-992-193 bde-button\">\n    \n                        \n                        \n    \n    \n    \n    \n            \n                    \n            \n            \n\n    \n    \n    \n    \n    \n    <a class=\"breakdance-link button-atom button-atom--text bde-button__button\" href=\"\/en\/view\/\" target=\"_self\" data-type=\"url\"  >\n\n    \n        <span class=\"button-atom__text\">View<\/span>\n\n        \n        \n                <\/a>\n\n    \n\n\n<\/div><div class=\"bde-button-992-194 bde-button\">\n    \n                        \n                        \n    \n    \n    \n    \n            \n                    \n            \n            \n\n    \n    \n    \n    \n    \n    <a class=\"breakdance-link button-atom button-atom--text bde-button__button\" href=\"\/en\/rooms-and-suites\/\" target=\"_self\" data-type=\"url\"  >\n\n    \n        <span class=\"button-atom__text\">Rooms &amp; Suites<\/span>\n\n        \n        \n                <\/a>\n\n    \n\n\n<\/div><div class=\"bde-button-992-195 bde-button\">\n    \n                        \n                        \n    \n    \n    \n    \n            \n                    \n            \n            \n\n    \n    \n    \n    \n    \n    <a class=\"breakdance-link button-atom button-atom--text bde-button__button\" href=\"\/en\/art-and-culture\/\" target=\"_self\" data-type=\"url\"  >\n\n    \n        <span class=\"button-atom__text\">Art &amp; Culture<\/span>\n\n        \n        \n                <\/a>\n\n    \n\n\n<\/div><div class=\"bde-button-992-196 bde-button\">\n    \n                        \n                        \n    \n    \n    \n    \n            \n                    \n            \n            \n\n    \n    \n    \n    \n    \n    <a class=\"breakdance-link button-atom button-atom--text bde-button__button\" href=\"\/en\/restaurant-and-bar\/\" target=\"_self\" data-type=\"url\"  >\n\n    \n        <span class=\"button-atom__text\">Restaurant &amp; Bar<\/span>\n\n        \n        \n                <\/a>\n\n    \n\n\n<\/div><div class=\"bde-button-992-197 bde-button\">\n    \n                        \n                        \n    \n    \n    \n    \n            \n                    \n            \n            \n\n    \n    \n    \n    \n    \n    <a class=\"breakdance-link button-atom button-atom--text bde-button__button\" href=\"\/en\/workshop-ve-event\/\" target=\"_self\" data-type=\"url\"  >\n\n    \n        <span class=\"button-atom__text\">Workshop &amp; Event<\/span>\n\n        \n        \n                <\/a>\n\n    \n\n\n<\/div>\n<\/div><\/div>\n<\/section><section class=\"bde-section-992-189 bde-section\">\n  \n  \n\t\n\n\n\n<div class=\"section-container\"><h2 class=\"bde-heading-992-191 bde-heading\">\nA Living Space Intertwined with Art\n<\/h2><img decoding=\"async\" class=\"bde-image2-992-190 bde-image2\" src=\"https:\/\/maviluhotel.com\/wp-content\/uploads\/2025\/09\/banner-gorseli12.jpg\" loading=\"lazy\" srcset=\"https:\/\/maviluhotel.com\/wp-content\/uploads\/2025\/09\/banner-gorseli12.jpg 2000w, https:\/\/maviluhotel.com\/wp-content\/uploads\/2025\/09\/banner-gorseli12-300x200.jpg 300w, https:\/\/maviluhotel.com\/wp-content\/uploads\/2025\/09\/banner-gorseli12-1024x682.jpg 1024w, https:\/\/maviluhotel.com\/wp-content\/uploads\/2025\/09\/banner-gorseli12-768x512.jpg 768w, https:\/\/maviluhotel.com\/wp-content\/uploads\/2025\/09\/banner-gorseli12-1536x1024.jpg 1536w\" sizes=\"(max-width: 2000px) 100vw, 2000px\" alt=\"\"><\/div>\n<\/section><section class=\"bde-section-992-156 bde-section\">\n  \n  \n\t\n\n\n\n<div class=\"section-container\"><div class=\"bde-columns-992-157 bde-columns\"><div class=\"bde-column-992-158 bde-column\">\n  \n  \n\t\n\n\n\n<div class=\"bde-div-992-159 bde-div\">\n  \n  \n\t\n\n\n\n<div class=\"bde-text-992-161 bde-text\">\nMavilu is more than just a hotel; it is a unique living space where art and aesthetics touch every moment. Set within the peerless atmosphere of Bodrum, we offer our guests an environment where they can not only observe art but actively experience it. Through exhibitions, workshops, and artistic events hosted at our hotel, we invite our guests to spend time in an inspiring atmosphere. Our goal is to transform every stay into a journey of artistic discovery.<br>\n<\/div>\n<\/div><div class=\"bde-div-992-162 bde-div\">\n  \n  \n\t\n\n\n\n<img decoding=\"async\" class=\"bde-image2-992-163 bde-image2\" src=\"https:\/\/maviluhotel.com\/wp-content\/uploads\/2025\/05\/sanat-1.jpg\" loading=\"lazy\" srcset=\"https:\/\/maviluhotel.com\/wp-content\/uploads\/2025\/05\/sanat-1.jpg 1484w, https:\/\/maviluhotel.com\/wp-content\/uploads\/2025\/05\/sanat-1-300x281.jpg 300w, https:\/\/maviluhotel.com\/wp-content\/uploads\/2025\/05\/sanat-1-1024x959.jpg 1024w, https:\/\/maviluhotel.com\/wp-content\/uploads\/2025\/05\/sanat-1-768x719.jpg 768w\" sizes=\"(max-width: 1484px) 100vw, 1484px\" alt=\"\">\n<\/div>\n<\/div><div class=\"bde-column-992-164 bde-column\">\n  \n  \n\t\n\n\n\n<img decoding=\"async\" class=\"bde-image2-992-165 bde-image2\" src=\"https:\/\/maviluhotel.com\/wp-content\/uploads\/2025\/05\/sanat-21.jpg\" loading=\"lazy\" srcset=\"https:\/\/maviluhotel.com\/wp-content\/uploads\/2025\/05\/sanat-21.jpg 887w, https:\/\/maviluhotel.com\/wp-content\/uploads\/2025\/05\/sanat-21-235x300.jpg 235w, https:\/\/maviluhotel.com\/wp-content\/uploads\/2025\/05\/sanat-21-802x1024.jpg 802w, https:\/\/maviluhotel.com\/wp-content\/uploads\/2025\/05\/sanat-21-768x981.jpg 768w\" sizes=\"(max-width: 887px) 100vw, 887px\" alt=\"\">\n<\/div><\/div><\/div>\n<\/section><section class=\"bde-section-992-176 bde-section\">\n  \n  \n\t\n\n\n\n<div class=\"section-container\"><h2 class=\"bde-heading-992-180 bde-heading\">\nArtists of Mavilu\n<\/h2><div class=\"bde-columns-992-177 bde-columns\"><div class=\"bde-column-992-184 bde-column\">\n  \n  \n\t\n\n\n\n<img decoding=\"async\" class=\"bde-image2-992-185 bde-image2\" src=\"https:\/\/maviluhotel.com\/wp-content\/uploads\/2025\/05\/sanat-4.jpeg\" loading=\"lazy\" srcset=\"https:\/\/maviluhotel.com\/wp-content\/uploads\/2025\/05\/sanat-4.jpeg 945w, https:\/\/maviluhotel.com\/wp-content\/uploads\/2025\/05\/sanat-4-138x300.jpeg 138w, https:\/\/maviluhotel.com\/wp-content\/uploads\/2025\/05\/sanat-4-473x1024.jpeg 473w, https:\/\/maviluhotel.com\/wp-content\/uploads\/2025\/05\/sanat-4-768x1664.jpeg 768w, https:\/\/maviluhotel.com\/wp-content\/uploads\/2025\/05\/sanat-4-709x1536.jpeg 709w\" sizes=\"(max-width: 945px) 100vw, 945px\" alt=\"\">\n<\/div><div class=\"bde-column-992-178 bde-column\">\n  \n  \n\t\n\n\n\n<div class=\"bde-div-992-179 bde-div\">\n  \n  \n\t\n\n\n\n<div class=\"bde-text-992-181 bde-text\">\nThe walls of Mavilu feature works where abstract narratives, figurative interpretations, and contemporary aesthetic pursuits converge. Our artists, each creating a unique language within their own discipline, translate the depths of the human soul, the bond with nature, and the traces of modern life onto canvas, sculpture, and installation.<br><br>\n<\/div><h3 class=\"bde-heading-992-188 bde-heading\">\nArtists Exhibited at Mavilu\n<\/h3><div class=\"bde-text-992-187 bde-text\">\nNurettin Akkaya, Binnur Y\u00fcceba\u015f Ruocco ,Emine B\u0131y\u0131kl\u0131 ,M\u00fcsl\u00fcm Teke, Furkan Payas, \u015eahin Demir, Kadriye \u0130nal, Turgut T\u00fcrker, Ece Haskan, Hazal Haznedaro\u011flu, Emre Namyeter\n<\/div>\n<\/div><div class=\"bde-div-992-182 bde-div\">\n  \n  \n\t\n\n\n\n<img decoding=\"async\" class=\"bde-image2-992-183 bde-image2\" src=\"https:\/\/maviluhotel.com\/wp-content\/uploads\/2025\/05\/sanat-3.jpeg\" loading=\"lazy\" srcset=\"https:\/\/maviluhotel.com\/wp-content\/uploads\/2025\/05\/sanat-3.jpeg 617w, https:\/\/maviluhotel.com\/wp-content\/uploads\/2025\/05\/sanat-3-288x300.jpeg 288w\" sizes=\"(max-width: 617px) 100vw, 617px\" alt=\"\">\n<\/div>\n<\/div><\/div><\/div>\n<\/section><section class=\"bde-section-992-148 bde-section\">\n  \n  \n\t\n\n\n\n<div class=\"section-container\"><h2 class=\"bde-heading-992-153 bde-heading\">\nSanatla Bulu\u015fma\n<\/h2><div class=\"bde-columns-992-150 bde-columns\"><div class=\"bde-column-992-152 bde-column\">\n  \n  \n\t\n\n\n\n<div class=\"bde-gallery-992-149 bde-gallery\">\n\n\n  \n\n\n\n\n\n\n\n\n\n\n<div class=\"ee-gallery ee-gallery--default ee-gallery--grid ee-gallery--single ee-gallery--lightbox ee-gallery-- ee-gallery--caption- ee-gallery--caption-none ee-gallery--ratio\">\n                  \n      <a class=\"ee-gallery-item ee-gallery-item--image ee-gallery-item--single\" href=\"https:\/\/breakdance.com\/wp-content\/uploads\/2024\/10\/venti-views-Rk8IRfQLx0s-unsplash.jpg\" span target=\"_blank\" rel=\"noopener\"><\/span>\" data-category=\"1\"                  data-lg-size=\"1920-1277\"\n\n      >\n        <figure class=\"ee-gallery-item-figure\">\n                        <img loading=\"lazy\" decoding=\"async\" class=\"breakdance-image-object\" src=\"https:\/\/breakdance.com\/wp-content\/uploads\/2024\/10\/venti-views-Rk8IRfQLx0s-unsplash-1024x681.jpg\" width=\"1024\" height=\"681\" srcset=\"https:\/\/breakdance.com\/wp-content\/uploads\/2024\/10\/venti-views-Rk8IRfQLx0s-unsplash.jpg 1920w, https:\/\/breakdance.com\/wp-content\/uploads\/2024\/10\/venti-views-Rk8IRfQLx0s-unsplash-300x200.jpg 300w, https:\/\/breakdance.com\/wp-content\/uploads\/2024\/10\/venti-views-Rk8IRfQLx0s-unsplash-1024x681.jpg 1024w, https:\/\/breakdance.com\/wp-content\/uploads\/2024\/10\/venti-views-Rk8IRfQLx0s-unsplash-768x511.jpg 768w, https:\/\/breakdance.com\/wp-content\/uploads\/2024\/10\/venti-views-Rk8IRfQLx0s-unsplash-1536x1022.jpg 1536w\" sizes=\"auto, (max-width: 1920px) 100vw, 1920px\" alt=\"\">\n          \n                  <\/figure>\n      <\/a>\n\n                \n      <a class=\"ee-gallery-item ee-gallery-item--image ee-gallery-item--single\" href=\"https:\/\/breakdance.com\/wp-content\/uploads\/2024\/10\/andrea-ferrario-2XjzoIvMGHs-unsplash.jpg\" span target=\"_blank\" rel=\"noopener\"><\/span>\" data-category=\"1\"                  data-lg-size=\"1920-2880\"\n\n      >\n        <figure class=\"ee-gallery-item-figure\">\n                        <img loading=\"lazy\" decoding=\"async\" class=\"breakdance-image-object\" src=\"https:\/\/breakdance.com\/wp-content\/uploads\/2024\/10\/andrea-ferrario-2XjzoIvMGHs-unsplash-683x1024.jpg\" width=\"683\" height=\"1024\" srcset=\"https:\/\/breakdance.com\/wp-content\/uploads\/2024\/10\/andrea-ferrario-2XjzoIvMGHs-unsplash.jpg 1920w, https:\/\/breakdance.com\/wp-content\/uploads\/2024\/10\/andrea-ferrario-2XjzoIvMGHs-unsplash-200x300.jpg 200w, https:\/\/breakdance.com\/wp-content\/uploads\/2024\/10\/andrea-ferrario-2XjzoIvMGHs-unsplash-683x1024.jpg 683w, https:\/\/breakdance.com\/wp-content\/uploads\/2024\/10\/andrea-ferrario-2XjzoIvMGHs-unsplash-768x1152.jpg 768w, https:\/\/breakdance.com\/wp-content\/uploads\/2024\/10\/andrea-ferrario-2XjzoIvMGHs-unsplash-1024x1536.jpg 1024w, https:\/\/breakdance.com\/wp-content\/uploads\/2024\/10\/andrea-ferrario-2XjzoIvMGHs-unsplash-1365x2048.jpg 1365w\" sizes=\"auto, (max-width: 1920px) 100vw, 1920px\" alt=\"\">\n          \n                  <\/figure>\n      <\/a>\n\n                \n      <a class=\"ee-gallery-item ee-gallery-item--image ee-gallery-item--single\" href=\"https:\/\/breakdance.com\/wp-content\/uploads\/2024\/10\/jeremy-doddridge-efhEncQLi4w-unsplash.jpg\" span target=\"_blank\" rel=\"noopener\"><\/span>\" data-category=\"1\"                  data-lg-size=\"1920-1280\"\n\n      >\n        <figure class=\"ee-gallery-item-figure\">\n                        <img loading=\"lazy\" decoding=\"async\" class=\"breakdance-image-object\" src=\"https:\/\/breakdance.com\/wp-content\/uploads\/2024\/10\/jeremy-doddridge-efhEncQLi4w-unsplash-1024x683.jpg\" width=\"1024\" height=\"683\" srcset=\"https:\/\/breakdance.com\/wp-content\/uploads\/2024\/10\/jeremy-doddridge-efhEncQLi4w-unsplash.jpg 1920w, https:\/\/breakdance.com\/wp-content\/uploads\/2024\/10\/jeremy-doddridge-efhEncQLi4w-unsplash-300x200.jpg 300w, https:\/\/breakdance.com\/wp-content\/uploads\/2024\/10\/jeremy-doddridge-efhEncQLi4w-unsplash-1024x683.jpg 1024w, https:\/\/breakdance.com\/wp-content\/uploads\/2024\/10\/jeremy-doddridge-efhEncQLi4w-unsplash-768x512.jpg 768w, https:\/\/breakdance.com\/wp-content\/uploads\/2024\/10\/jeremy-doddridge-efhEncQLi4w-unsplash-1536x1024.jpg 1536w\" sizes=\"auto, (max-width: 1920px) 100vw, 1920px\" alt=\"\">\n          \n                  <\/figure>\n      <\/a>\n\n                \n      <a class=\"ee-gallery-item ee-gallery-item--image ee-gallery-item--single\" href=\"https:\/\/breakdance.com\/wp-content\/uploads\/2024\/10\/carlos-D2OlaAuuOSA-unsplash.jpg\" span target=\"_blank\" rel=\"noopener\"><\/span>\" data-category=\"1\"                  data-lg-size=\"1920-2878\"\n\n      >\n        <figure class=\"ee-gallery-item-figure\">\n                        <img loading=\"lazy\" decoding=\"async\" class=\"breakdance-image-object\" src=\"https:\/\/breakdance.com\/wp-content\/uploads\/2024\/10\/carlos-D2OlaAuuOSA-unsplash-683x1024.jpg\" width=\"683\" height=\"1024\" srcset=\"https:\/\/breakdance.com\/wp-content\/uploads\/2024\/10\/carlos-D2OlaAuuOSA-unsplash.jpg 1920w, https:\/\/breakdance.com\/wp-content\/uploads\/2024\/10\/carlos-D2OlaAuuOSA-unsplash-200x300.jpg 200w, https:\/\/breakdance.com\/wp-content\/uploads\/2024\/10\/carlos-D2OlaAuuOSA-unsplash-683x1024.jpg 683w, https:\/\/breakdance.com\/wp-content\/uploads\/2024\/10\/carlos-D2OlaAuuOSA-unsplash-768x1151.jpg 768w, https:\/\/breakdance.com\/wp-content\/uploads\/2024\/10\/carlos-D2OlaAuuOSA-unsplash-1025x1536.jpg 1025w, https:\/\/breakdance.com\/wp-content\/uploads\/2024\/10\/carlos-D2OlaAuuOSA-unsplash-1366x2048.jpg 1366w\" sizes=\"auto, (max-width: 1920px) 100vw, 1920px\" alt=\"\">\n          \n                  <\/figure>\n      <\/a>\n\n                \n      <a class=\"ee-gallery-item ee-gallery-item--image ee-gallery-item--single\" href=\"https:\/\/breakdance.com\/wp-content\/uploads\/2024\/10\/kellen-riggin-ZZ_uPf5oLFE-unsplash.jpg\" span target=\"_blank\" rel=\"noopener\"><\/span>\" data-category=\"1\"                  data-lg-size=\"1920-1279\"\n\n      >\n        <figure class=\"ee-gallery-item-figure\">\n                        <img loading=\"lazy\" decoding=\"async\" class=\"breakdance-image-object\" src=\"https:\/\/breakdance.com\/wp-content\/uploads\/2024\/10\/kellen-riggin-ZZ_uPf5oLFE-unsplash-1024x682.jpg\" width=\"1024\" height=\"682\" srcset=\"https:\/\/breakdance.com\/wp-content\/uploads\/2024\/10\/kellen-riggin-ZZ_uPf5oLFE-unsplash.jpg 1920w, https:\/\/breakdance.com\/wp-content\/uploads\/2024\/10\/kellen-riggin-ZZ_uPf5oLFE-unsplash-300x200.jpg 300w, https:\/\/breakdance.com\/wp-content\/uploads\/2024\/10\/kellen-riggin-ZZ_uPf5oLFE-unsplash-1024x682.jpg 1024w, https:\/\/breakdance.com\/wp-content\/uploads\/2024\/10\/kellen-riggin-ZZ_uPf5oLFE-unsplash-768x512.jpg 768w, https:\/\/breakdance.com\/wp-content\/uploads\/2024\/10\/kellen-riggin-ZZ_uPf5oLFE-unsplash-1536x1023.jpg 1536w\" sizes=\"auto, (max-width: 1920px) 100vw, 1920px\" alt=\"\">\n          \n                  <\/figure>\n      <\/a>\n\n                \n      <a class=\"ee-gallery-item ee-gallery-item--image ee-gallery-item--single\" href=\"https:\/\/breakdance.com\/wp-content\/uploads\/2024\/10\/marek-piwnicki-T1wi0CbzUQI-unsplash.jpg\" span target=\"_blank\" rel=\"noopener\"><\/span>\" data-category=\"1\"                  data-lg-size=\"1920-1200\"\n\n      >\n        <figure class=\"ee-gallery-item-figure\">\n                        <img loading=\"lazy\" decoding=\"async\" class=\"breakdance-image-object\" src=\"https:\/\/breakdance.com\/wp-content\/uploads\/2024\/10\/marek-piwnicki-T1wi0CbzUQI-unsplash-1024x640.jpg\" width=\"1024\" height=\"640\" srcset=\"https:\/\/breakdance.com\/wp-content\/uploads\/2024\/10\/marek-piwnicki-T1wi0CbzUQI-unsplash.jpg 1920w, https:\/\/breakdance.com\/wp-content\/uploads\/2024\/10\/marek-piwnicki-T1wi0CbzUQI-unsplash-300x188.jpg 300w, https:\/\/breakdance.com\/wp-content\/uploads\/2024\/10\/marek-piwnicki-T1wi0CbzUQI-unsplash-1024x640.jpg 1024w, https:\/\/breakdance.com\/wp-content\/uploads\/2024\/10\/marek-piwnicki-T1wi0CbzUQI-unsplash-768x480.jpg 768w, https:\/\/breakdance.com\/wp-content\/uploads\/2024\/10\/marek-piwnicki-T1wi0CbzUQI-unsplash-1536x960.jpg 1536w\" sizes=\"auto, (max-width: 1920px) 100vw, 1920px\" alt=\"\">\n          \n                  <\/figure>\n      <\/a>\n\n      \n  <\/div>\n\n\n\n<\/div>\n<\/div><\/div><\/div>\n<\/section>","protected":false},"excerpt":{"rendered":"<p>Ya\u015famla Sanat\u0131n Kesi\u015fti\u011fi Nokta Manzara Oda &#038; Suit Sanat &#038; K\u00fclt\u00fcr Restoran &#038; Bar Workshop &#038; Event Sanatla \u0130\u00e7 \u0130\u00e7e Bir Ya\u015fam Alan\u0131 Mavilu, sadece bir otel de\u011fil; ayn\u0131 zamanda sanat\u0131n ve esteti\u011fin her an\u0131na dokundu\u011fu \u00f6zel bir ya\u015fam alan\u0131d\u0131r. Bodrum\u2019un e\u015fsiz atmosferinde, misafirlerimize sanat\u0131 sadece izlemekle kalmay\u0131p, onu deneyimleyebilecekleri bir ortam sunuyoruz. Otelimizde d\u00fczenlenecek [&hellip;]<\/p>\n","protected":false},"author":1,"featured_media":0,"parent":0,"menu_order":0,"comment_status":"closed","ping_status":"closed","template":"","meta":{"_acf_changed":false,"_breakdance_hide_in_design_set":false,"_breakdance_tags":"","footnotes":""},"class_list":["post-992","page","type-page","status-publish","hentry"],"acf":[],"_links":{"self":[{"href":"https:\/\/maviluhotel.com\/en\/wp-json\/wp\/v2\/pages\/992","targetHints":{"allow":["GET"]}}],"collection":[{"href":"https:\/\/maviluhotel.com\/en\/wp-json\/wp\/v2\/pages"}],"about":[{"href":"https:\/\/maviluhotel.com\/en\/wp-json\/wp\/v2\/types\/page"}],"author":[{"embeddable":true,"href":"https:\/\/maviluhotel.com\/en\/wp-json\/wp\/v2\/users\/1"}],"replies":[{"embeddable":true,"href":"https:\/\/maviluhotel.com\/en\/wp-json\/wp\/v2\/comments?post=992"}],"version-history":[{"count":151,"href":"https:\/\/maviluhotel.com\/en\/wp-json\/wp\/v2\/pages\/992\/revisions"}],"predecessor-version":[{"id":3474,"href":"https:\/\/maviluhotel.com\/en\/wp-json\/wp\/v2\/pages\/992\/revisions\/3474"}],"wp:attachment":[{"href":"https:\/\/maviluhotel.com\/en\/wp-json\/wp\/v2\/media?parent=992"}],"curies":[{"name":"wp","href":"https:\/\/api.w.org\/{rel}","templated":true}]}}